{"id":120,"date":"2024-07-12T19:06:46","date_gmt":"2024-07-12T19:06:46","guid":{"rendered":"https:\/\/realdezirahuen.com\/index.php\/wisetrips-about-page\/"},"modified":"2024-07-16T15:49:36","modified_gmt":"2024-07-16T15:49:36","slug":"contactanos","status":"publish","type":"page","link":"https:\/\/realdezirahuen.com\/index.php\/contactanos\/","title":{"rendered":"Cont\u00e1ctanos"},"content":{"rendered":"\t\t<div data-elementor-type=\"wp-page\" data-elementor-id=\"120\" class=\"elementor elementor-120\">\n\t\t\t\t\t\t<section class=\"elementor-section elementor-top-section elementor-element elementor-element-3257ee30 elementor-section-height-min-height elementor-section-boxed elementor-section-height-default elementor-section-items-middle\" data-id=\"3257ee30\" data-element_type=\"section\" data-settings=\"{&quot;background_background&quot;:&quot;classic&quot;}\">\n\t\t\t\t\t\t<div class=\"elementor-container elementor-column-gap-default\">\n\t\t\t\t\t<div class=\"elementor-column elementor-col-100 elementor-top-column elementor-element elementor-element-5080e071\" data-id=\"5080e071\" data-element_type=\"column\">\n\t\t\t<div class=\"elementor-widget-wrap elementor-element-populated\">\n\t\t\t\t\t\t<section class=\"elementor-section elementor-inner-section elementor-element elementor-element-e2c6927 elementor-section-boxed elementor-section-height-default elementor-section-height-default\" data-id=\"e2c6927\" data-element_type=\"section\">\n\t\t\t\t\t\t<div class=\"elementor-container elementor-column-gap-default\">\n\t\t\t\t\t<div class=\"elementor-column elementor-col-100 elementor-inner-column elementor-element elementor-element-64214793\" data-id=\"64214793\" data-element_type=\"column\">\n\t\t\t<div class=\"elementor-widget-wrap elementor-element-populated\">\n\t\t\t\t\t\t<div class=\"elementor-element elementor-element-edfe190 animated-slow elementor-invisible elementor-widget elementor-widget-heading\" data-id=\"edfe190\" data-element_type=\"widget\" data-settings=\"{&quot;_animation&quot;:&quot;zoomIn&quot;}\" data-widget_type=\"heading.default\">\n\t\t\t\t<div class=\"elementor-widget-container\">\n\t\t\t<h2 class=\"elementor-heading-title elementor-size-default\">cont\u00e1ctanos<\/h2>\t\t<\/div>\n\t\t\t\t<\/div>\n\t\t\t\t<div class=\"elementor-element elementor-element-260f6206 eael-infobox-shape-circle elementor-widget__width-auto eael-infobox-hover-img-shape-square elementor-widget elementor-widget-eael-info-box\" data-id=\"260f6206\" data-element_type=\"widget\" data-widget_type=\"eael-info-box.default\">\n\t\t\t\t<div class=\"elementor-widget-container\">\n\t\t\t            <a href=\"http:\/\/realdezirahuen.com\">\n\t            <div class=\"eael-infobox icon-on-left\">\n\t            <div class=\"infobox-icon elementor-animation-pulse-shrink\">\n\n                            <img decoding=\"async\" src=\"https:\/\/realdezirahuen.com\/wp-content\/uploads\/2024\/07\/c3756243-group.png\" alt=\"\">\n            \n            \n            \n        <\/div>\n            <div class=\"infobox-content\">\n                            <div class=\"title\">Back Home<\/div>\n                    <\/div>\n            <\/div>\n\n\t\t            <\/a>\n\t\t\t\t<\/div>\n\t\t\t\t<\/div>\n\t\t\t\t\t<\/div>\n\t\t<\/div>\n\t\t\t\t\t<\/div>\n\t\t<\/section>\n\t\t\t\t\t<\/div>\n\t\t<\/div>\n\t\t\t\t\t<\/div>\n\t\t<\/section>\n\t\t\t\t<section class=\"elementor-section elementor-top-section elementor-element elementor-element-6b05e229 elementor-section-boxed elementor-section-height-default elementor-section-height-default\" data-id=\"6b05e229\" data-element_type=\"section\" id=\"contact_section\">\n\t\t\t\t\t\t<div class=\"elementor-container elementor-column-gap-default\">\n\t\t\t\t\t<div class=\"elementor-column elementor-col-100 elementor-top-column elementor-element elementor-element-57dfa585\" data-id=\"57dfa585\" data-element_type=\"column\">\n\t\t\t<div class=\"elementor-widget-wrap elementor-element-populated\">\n\t\t\t\t\t\t<section class=\"elementor-section elementor-inner-section elementor-element elementor-element-5e468821 elementor-section-content-middle elementor-section-boxed elementor-section-height-default elementor-section-height-default\" data-id=\"5e468821\" data-element_type=\"section\">\n\t\t\t\t\t\t<div class=\"elementor-container elementor-column-gap-default\">\n\t\t\t\t\t<div class=\"elementor-column elementor-col-50 elementor-inner-column elementor-element elementor-element-3669ee37\" data-id=\"3669ee37\" data-element_type=\"column\">\n\t\t\t<div class=\"elementor-widget-wrap elementor-element-populated\">\n\t\t\t\t\t\t<div class=\"elementor-element elementor-element-4d40a9cb animated-slow eael-infobox-shape-square eael-infobox-hover-img-shape-square elementor-invisible elementor-widget elementor-widget-eael-info-box\" data-id=\"4d40a9cb\" data-element_type=\"widget\" data-settings=\"{&quot;_animation&quot;:&quot;slideInLeft&quot;,&quot;_animation_delay&quot;:200}\" data-widget_type=\"eael-info-box.default\">\n\t\t\t\t<div class=\"elementor-widget-container\">\n\t\t\t            <a href=\"https:\/\/maps.app.goo.gl\/y8ZwtF3fUGKj8Xc97\">\n\t            <div class=\"eael-infobox icon-on-left\">\n\t            <div class=\"infobox-icon\">\n\n                            <img decoding=\"async\" src=\"https:\/\/realdezirahuen.com\/wp-content\/uploads\/2024\/07\/38f2f43c-group-83.png\" alt=\"\">\n            \n            \n            \n        <\/div>\n            <div class=\"infobox-content\">\n                            <h6 class=\"title\">Locaci\u00f3n<\/h6>\n                                                                                                <p>Zirahu\u00e9n, Mich.<\/p>                                                                            <\/div>\n            <\/div>\n\n\t\t            <\/a>\n\t\t\t\t<\/div>\n\t\t\t\t<\/div>\n\t\t\t\t<div class=\"elementor-element elementor-element-7a60be35 animated-slow eael-infobox-shape-square eael-infobox-hover-img-shape-square elementor-invisible elementor-widget elementor-widget-eael-info-box\" data-id=\"7a60be35\" data-element_type=\"widget\" data-settings=\"{&quot;_animation&quot;:&quot;slideInLeft&quot;,&quot;_animation_delay&quot;:400}\" data-widget_type=\"eael-info-box.default\">\n\t\t\t\t<div class=\"elementor-widget-container\">\n\t\t\t        <div class=\"eael-infobox icon-on-left\">\n\t            <div class=\"infobox-icon\">\n\n                            <img decoding=\"async\" src=\"https:\/\/realdezirahuen.com\/wp-content\/uploads\/2024\/07\/090ceb44-group-84.png\" alt=\"\">\n            \n            \n            \n        <\/div>\n            <div class=\"infobox-content\">\n                            <h6 class=\"title\">Tel<\/h6>\n                                                                                                <p>443 - 620 - 4337<\/p>                                                                            <\/div>\n            <\/div>\n\n\t\t\t\t<\/div>\n\t\t\t\t<\/div>\n\t\t\t\t<div class=\"elementor-element elementor-element-3b1405bd animated-slow eael-infobox-shape-square eael-infobox-hover-img-shape-square elementor-invisible elementor-widget elementor-widget-eael-info-box\" data-id=\"3b1405bd\" data-element_type=\"widget\" data-settings=\"{&quot;_animation&quot;:&quot;slideInLeft&quot;,&quot;_animation_delay&quot;:600}\" data-widget_type=\"eael-info-box.default\">\n\t\t\t\t<div class=\"elementor-widget-container\">\n\t\t\t        <div class=\"eael-infobox icon-on-left\">\n\t            <div class=\"infobox-icon\">\n\n                            <img decoding=\"async\" src=\"https:\/\/realdezirahuen.com\/wp-content\/uploads\/2024\/07\/c9984a33-group-85.png\" alt=\"\">\n            \n            \n            \n        <\/div>\n            <div class=\"infobox-content\">\n                            <h6 class=\"title\">E-mail<\/h6>\n                                                                                                <p>REALDEZIRAHUEN@GMAIL.COM<\/p>                                                                            <\/div>\n            <\/div>\n\n\t\t\t\t<\/div>\n\t\t\t\t<\/div>\n\t\t\t\t\t<\/div>\n\t\t<\/div>\n\t\t\t\t<div class=\"elementor-column elementor-col-50 elementor-inner-column elementor-element elementor-element-3047065b\" data-id=\"3047065b\" data-element_type=\"column\">\n\t\t\t<div class=\"elementor-widget-wrap elementor-element-populated\">\n\t\t\t\t\t\t<div class=\"elementor-element elementor-element-64b1697c animated-slow elementor-invisible elementor-widget elementor-widget-image\" data-id=\"64b1697c\" data-element_type=\"widget\" data-settings=\"{&quot;_animation&quot;:&quot;zoomIn&quot;,&quot;_animation_delay&quot;:200}\" data-widget_type=\"image.default\">\n\t\t\t\t<div class=\"elementor-widget-container\">\n\t\t\t\t\t\t\t\t\t\t\t\t\t<img fetchpriority=\"high\" decoding=\"async\" width=\"1441\" height=\"861\" src=\"https:\/\/realdezirahuen.com\/wp-content\/uploads\/2024\/07\/20240308_190424-scaled-e1721023996877.jpg\" class=\"attachment-full size-full wp-image-205\" alt=\"\" srcset=\"https:\/\/realdezirahuen.com\/wp-content\/uploads\/2024\/07\/20240308_190424-scaled-e1721023996877.jpg 1441w, https:\/\/realdezirahuen.com\/wp-content\/uploads\/2024\/07\/20240308_190424-scaled-e1721023996877-300x179.jpg 300w, https:\/\/realdezirahuen.com\/wp-content\/uploads\/2024\/07\/20240308_190424-scaled-e1721023996877-1024x612.jpg 1024w, https:\/\/realdezirahuen.com\/wp-content\/uploads\/2024\/07\/20240308_190424-scaled-e1721023996877-768x459.jpg 768w\" sizes=\"(max-width: 1441px) 100vw, 1441px\" \/>\t\t\t\t\t\t\t\t\t\t\t\t\t<\/div>\n\t\t\t\t<\/div>\n\t\t\t\t\t<\/div>\n\t\t<\/div>\n\t\t\t\t\t<\/div>\n\t\t<\/section>\n\t\t\t\t\t<\/div>\n\t\t<\/div>\n\t\t\t\t\t<\/div>\n\t\t<\/section>\n\t\t<div class=\"elementor-element elementor-element-a01d977 e-flex e-con-boxed e-con e-parent\" data-id=\"a01d977\" data-element_type=\"container\">\n\t\t\t\t\t<div class=\"e-con-inner\">\n\t\t\t\t<div class=\"elementor-element elementor-element-beacd97 elementor-widget elementor-widget-html\" data-id=\"beacd97\" data-element_type=\"widget\" data-widget_type=\"html.default\">\n\t\t\t\t<div class=\"elementor-widget-container\">\n\t\t\t<div class=\"elementor elementor-3606\" data-elementor-type=\"wp-page\" data-elementor-id=\"3606\">\n<div class=\"elementor-element elementor-element-696749e e-flex e-con-boxed e-con e-parent\" data-id=\"696749e\" data-element_type=\"container\" data-settings=\"{&quot;background_background&quot;:&quot;classic&quot;}\">\n<div class=\"e-con-inner\">\n<div class=\"elementor-element elementor-element-a50540f elementor-widget elementor-widget-heading\" data-id=\"a50540f\" data-element_type=\"widget\" data-widget_type=\"heading.default\">\n<div class=\"elementor-widget-container\">\n\n<strong><span style=\"color: #000000; font-size: 16px;\">Por favor, d\u00e9janos tus datos de contacto. \/ Please leave us your contact details.<\/span><\/strong>\n\n<\/div>\n<\/div>\n<\/div>\n<\/div>\n<div class=\"elementor-element elementor-element-0835ad5 e-flex e-con-boxed e-con e-parent\" data-id=\"0835ad5\" data-element_type=\"container\" data-settings=\"{&quot;background_background&quot;:&quot;classic&quot;}\">\n<div class=\"e-con-inner\">\n<div class=\"elementor-element elementor-element-0fa1142 elementor-widget elementor-widget-wpforms\" data-id=\"0fa1142\" data-element_type=\"widget\" data-widget_type=\"wpforms.default\">\n<div class=\"elementor-widget-container\">\n<div id=\"wpforms-3699\" class=\"wpforms-container wpforms-render-modern\"><form id=\"wpforms-form-3699\" class=\"wpforms-validate wpforms-form wpforms-ajax-form\" action=\"\/hope-02\/wp-json\/wp\/v2\/pages\/3606?site_url=https%3A%2F%2Fwww.mangobc.com&amp;version=4.3.6\" enctype=\"multipart\/form-data\" method=\"post\" data-formid=\"3699\" data-token=\"b605de54604aa70ebfaa1583cd07404d\" data-token-time=\"1720456082\">\n<div class=\"wpforms-field-container\">\n<div class=\"wpforms-field wpforms-field-name\" data-field-id=\"0\"><span style=\"color: #000000;\"><label class=\"wpforms-field-label wpforms-label-hide\" for=\"wpforms-3699-field_0\" aria-hidden=\"false\"><strong>Nombre \/ Name:\u00a0<\/strong>\u00a0<\/label>\n<input id=\"wpforms-3699-field_0\" class=\"wpforms-field-large wpforms-field-required\" name=\"wpforms[fields][0]\" required=\"\" type=\"text\" placeholder=\"Your Name\" aria-errormessage=\"wpforms-3699-field_0-error\" \/>\n<\/span><\/div>\n<div id=\"wpforms-3699-field_1-container\" class=\"wpforms-field wpforms-field-email\" data-field-id=\"1\"><span style=\"color: #000000;\">\n<label class=\"wpforms-field-label wpforms-label-hide\" for=\"wpforms-3699-field_1\" aria-hidden=\"false\"><strong>Correo Electr\u00f3nico \/ E-Mail:\u00a0<\/strong> \u00a0\u00a0<\/label>\n<input id=\"wpforms-3699-field_1\" class=\"wpforms-field-large wpforms-field-required\" spellcheck=\"false\" name=\"wpforms[fields][1]\" required=\"\" type=\"email\" placeholder=\"Your E-mail\" aria-errormessage=\"wpforms-3699-field_1-error\" \/>\n<\/span><\/div>\n<div id=\"wpforms-3699-field_4-container\" class=\"wpforms-field wpforms-field-number\" data-field-id=\"4\"><span style=\"color: #000000;\">\n<strong><label class=\"wpforms-field-label wpforms-label-hide\" for=\"wpforms-3699-field_4\" aria-hidden=\"false\">T\u00e9lefono \/ Phone:<\/label><\/strong>\n<input id=\"wpforms-3699-field_4\" class=\"wpforms-field-large wpforms-field-required\" name=\"wpforms[fields][4]\" required=\"\" type=\"number\" placeholder=\"Your Phone\" aria-errormessage=\"wpforms-3699-field_4-error\" \/>\n<\/span><\/div>\n<div id=\"wpforms-3699-field_2-container\" class=\"wpforms-field wpforms-field-textarea\" data-field-id=\"2\"><span style=\"color: #000000;\">\n<strong><label class=\"wpforms-field-label wpforms-label-hide\" for=\"wpforms-3699-field_2\" aria-hidden=\"false\">T\u00fa Mensaje \/ Your Message:<\/label><\/strong>\n<textarea id=\"wpforms-3699-field_2\" class=\"wpforms-field-large wpforms-field-required\" name=\"wpforms[fields][2]\" required=\"\" placeholder=\"Your Message\" aria-errormessage=\"wpforms-3699-field_2-error\"><\/textarea>\n<\/span><\/div>\n<\/div>\n<div class=\"wpforms-submit-container\"><span style=\"color: #ffffff;\"><button id=\"wpforms-submit-3699\" class=\"wpforms-submit\" style=\"background-color: #ffffff !important;\" name=\"wpforms[submit]\" type=\"submit\" value=\"wpforms-submit\" data-alt-text=\"Sending...\" data-submit-text=\"Send Now\" aria-live=\"assertive\">Env\u00edar<\/button><\/span><\/div>\n<\/form><\/div>\n<\/div>\n<\/div>\n<\/div>\n<\/div>\n<\/div>\t\t<\/div>\n\t\t\t\t<\/div>\n\t\t\t\t\t<\/div>\n\t\t\t\t<\/div>\n\t\t\t\t<section class=\"elementor-section elementor-top-section elementor-element elementor-element-7b86bee6 elementor-section-full_width elementor-section-height-default elementor-section-height-default\" data-id=\"7b86bee6\" data-element_type=\"section\">\n\t\t\t\t\t\t<div class=\"elementor-container elementor-column-gap-no\">\n\t\t\t\t\t<div class=\"elementor-column elementor-col-100 elementor-top-column elementor-element elementor-element-34c8fdd9\" data-id=\"34c8fdd9\" data-element_type=\"column\">\n\t\t\t<div class=\"elementor-widget-wrap elementor-element-populated\">\n\t\t\t\t\t\t<div class=\"elementor-element elementor-element-49884cce elementor-widget elementor-widget-google_maps\" data-id=\"49884cce\" data-element_type=\"widget\" data-widget_type=\"google_maps.default\">\n\t\t\t\t<div class=\"elementor-widget-container\">\n\t\t\t\t\t<div class=\"elementor-custom-embed\">\n\t\t\t<iframe loading=\"lazy\"\n\t\t\t\t\tsrc=\"https:\/\/maps.google.com\/maps?q=Lago%20de%20Zirahu%C3%A9n&#038;t=m&#038;z=14&#038;output=embed&#038;iwloc=near\"\n\t\t\t\t\ttitle=\"Lago de Zirahu\u00e9n\"\n\t\t\t\t\taria-label=\"Lago de Zirahu\u00e9n\"\n\t\t\t><\/iframe>\n\t\t<\/div>\n\t\t\t\t<\/div>\n\t\t\t\t<\/div>\n\t\t\t\t\t<\/div>\n\t\t<\/div>\n\t\t\t\t\t<\/div>\n\t\t<\/section>\n\t\t\t\t<\/div>\n\t\t","protected":false},"excerpt":{"rendered":"<p>cont\u00e1ctanos Back Home Locaci\u00f3n Zirahu\u00e9n, Mich. Tel 443 &#8211; 620 &#8211; 4337 E-mail REALDEZIRAHUEN@GMAIL.COM Por favor, d\u00e9janos tus datos de contacto. \/ Please leave us your contact details. Nombre \/ Name:\u00a0\u00a0 Correo Electr\u00f3nico \/ E-Mail:\u00a0 \u00a0\u00a0 T\u00e9lefono \/ Phone: T\u00fa Mensaje \/ Your Message: Env\u00edar<\/p>\n","protected":false},"author":1,"featured_media":0,"parent":0,"menu_order":0,"comment_status":"closed","ping_status":"closed","template":"elementor_header_footer","meta":{"footnotes":""},"class_list":["post-120","page","type-page","status-publish","hentry"],"_links":{"self":[{"href":"https:\/\/realdezirahuen.com\/index.php\/wp-json\/wp\/v2\/pages\/120","targetHints":{"allow":["GET"]}}],"collection":[{"href":"https:\/\/realdezirahuen.com\/index.php\/wp-json\/wp\/v2\/pages"}],"about":[{"href":"https:\/\/realdezirahuen.com\/index.php\/wp-json\/wp\/v2\/types\/page"}],"author":[{"embeddable":true,"href":"https:\/\/realdezirahuen.com\/index.php\/wp-json\/wp\/v2\/users\/1"}],"replies":[{"embeddable":true,"href":"https:\/\/realdezirahuen.com\/index.php\/wp-json\/wp\/v2\/comments?post=120"}],"version-history":[{"count":23,"href":"https:\/\/realdezirahuen.com\/index.php\/wp-json\/wp\/v2\/pages\/120\/revisions"}],"predecessor-version":[{"id":387,"href":"https:\/\/realdezirahuen.com\/index.php\/wp-json\/wp\/v2\/pages\/120\/revisions\/387"}],"wp:attachment":[{"href":"https:\/\/realdezirahuen.com\/index.php\/wp-json\/wp\/v2\/media?parent=120"}],"curies":[{"name":"wp","href":"https:\/\/api.w.org\/{rel}","templated":true}]}}